{"id":1187,"date":"2024-10-22T19:20:04","date_gmt":"2024-10-22T19:20:04","guid":{"rendered":"https:\/\/rhodiuskms.com\/kontaktieren-sie-uns\/"},"modified":"2024-10-25T16:05:04","modified_gmt":"2024-10-25T16:05:04","slug":"kontaktieren-sie-uns","status":"publish","type":"page","link":"https:\/\/rhodiuskms.com\/de\/kontaktieren-sie-uns\/","title":{"rendered":"Kontaktieren Sie uns"},"content":{"rendered":"\t\t<div data-elementor-type=\"wp-page\" data-elementor-id=\"1187\" class=\"elementor elementor-1187 elementor-1022\" data-elementor-post-type=\"page\">\n\t\t\t\t<div class=\"elementor-element elementor-element-1a3c04e e-flex e-con-boxed e-con e-parent\" data-id=\"1a3c04e\" data-element_type=\"container\" data-e-type=\"container\" data-settings=\"{&quot;background_background&quot;:&quot;gradient&quot;}\">\n\t\t\t\t\t<div class=\"e-con-inner\">\n\t\t<div class=\"elementor-element elementor-element-0fa3cdd e-con-full e-flex e-con e-child\" data-id=\"0fa3cdd\" data-element_type=\"container\" data-e-type=\"container\">\n\t\t<div class=\"elementor-element elementor-element-b2394f4 e-con-full e-flex e-con e-child\" data-id=\"b2394f4\" data-element_type=\"container\" data-e-type=\"container\">\n\t\t\t\t<div class=\"elementor-element elementor-element-007e8d7 elementor-widget elementor-widget-text-editor\" data-id=\"007e8d7\" data-element_type=\"widget\" data-e-type=\"widget\" data-widget_type=\"text-editor.default\">\n\t\t\t\t<div class=\"elementor-widget-container\">\n\t\t\t\t\t\t\t\t\t<h2><span style=\"color: #fcb644;\">Starten Sie ein benutzerdefiniertes Projekt<\/span> <span style=\"color: #ffffff;\">mit Rhodius<\/span><\/h2>\n<p><span style=\"color: #ffffff;\">Wenn andere Hersteller por\u00f6ser Metallprodukte &#8222;nein&#8220; oder &#8222;unm\u00f6glich&#8220; sagen, krempelt Rhodius die \u00c4rmel hoch und macht es m\u00f6glich. Wir verf\u00fcgen \u00fcber das Drahtgeflecht, die Einrichtungen und das Fachwissen, das Sie ben\u00f6tigen, um ein Produkt zu entwickeln, das Ihrem Unternehmen zum Wachstum verhilft.   <\/span><\/p>\n\t\t\t\t\t\t\t\t<\/div>\n\t\t\t\t<\/div>\n\t\t\t\t<div class=\"elementor-element elementor-element-d97f52d elementor-widget elementor-widget-spacer\" data-id=\"d97f52d\" data-element_type=\"widget\" data-e-type=\"widget\" data-widget_type=\"spacer.default\">\n\t\t\t\t<div class=\"elementor-widget-container\">\n\t\t\t\t\t\t\t<div class=\"elementor-spacer\">\n\t\t\t<div class=\"elementor-spacer-inner\"><\/div>\n\t\t<\/div>\n\t\t\t\t\t\t<\/div>\n\t\t\t\t<\/div>\n\t\t\t\t<div class=\"elementor-element elementor-element-7d03c74 elementor-widget elementor-widget-text-editor\" data-id=\"7d03c74\" data-element_type=\"widget\" data-e-type=\"widget\" data-widget_type=\"text-editor.default\">\n\t\t\t\t<div class=\"elementor-widget-container\">\n\t\t\t\t\t\t\t\t\t<h4><span style=\"color: #fcb644;\">L\u00f6sungen aus por\u00f6sem Metall <\/span><span style=\"color: #ffffff;\">Einfach gemacht<\/span><\/h4>\n\t\t\t\t\t\t\t\t<\/div>\n\t\t\t\t<\/div>\n\t\t\t\t<div class=\"elementor-element elementor-element-2c93ed1 elementor-widget elementor-widget-image\" data-id=\"2c93ed1\" data-element_type=\"widget\" data-e-type=\"widget\" data-widget_type=\"image.default\">\n\t\t\t\t<div class=\"elementor-widget-container\">\n\t\t\t\t\t\t\t\t\t\t\t\t\t\t\t<img fetchpriority=\"high\" decoding=\"async\" width=\"1024\" height=\"1024\" src=\"https:\/\/rhodiuskms.com\/wp-content\/uploads\/2024\/06\/mesh_capabilities.svg\" class=\"attachment-large size-large wp-image-924\" alt=\"\" \/>\t\t\t\t\t\t\t\t\t\t\t\t\t\t\t<\/div>\n\t\t\t\t<\/div>\n\t\t\t\t<\/div>\n\t\t<div class=\"elementor-element elementor-element-eccac77 e-con-full e-flex e-con e-child\" data-id=\"eccac77\" data-element_type=\"container\" data-e-type=\"container\">\n\t\t\t\t<div class=\"elementor-element elementor-element-b16762e elementor-widget elementor-widget-html\" data-id=\"b16762e\" data-element_type=\"widget\" data-e-type=\"widget\" data-widget_type=\"html.default\">\n\t\t\t\t<div class=\"elementor-widget-container\">\n\t\t\t\t\t<script charset=\"utf-8\" type=\"text\/javascript\" src=\"\/\/js.hsforms.net\/forms\/embed\/v2.js\"><\/script><script>hbspt.forms.create({\n    region: \"na1\",\n    portalId: \"9206638\",\n    formId: \"0d3a129c-dfd6-4ca0-b39e-b32436063bee\"\n  });\n<\/script>\t\t\t\t<\/div>\n\t\t\t\t<\/div>\n\t\t\t\t<\/div>\n\t\t\t\t<\/div>\n\t\t\t\t\t<\/div>\n\t\t\t\t<\/div>\n\t\t\t\t<\/div>\n\t\t","protected":false},"excerpt":{"rendered":"<p>Starten Sie ein benutzerdefiniertes Projekt mit Rhodius Wenn andere Hersteller por\u00f6ser Metallprodukte &#8222;nein&#8220; oder &#8222;unm\u00f6glich&#8220; sagen, krempelt Rhodius die \u00c4rmel hoch und macht es m\u00f6glich. Wir verf\u00fcgen \u00fcber das Drahtgeflecht, die Einrichtungen und das Fachwissen, das Sie ben\u00f6tigen, um ein Produkt zu entwickeln, das Ihrem Unternehmen zum Wachstum verhilft. L\u00f6sungen aus por\u00f6sem Metall Einfach gemacht<\/p>\n","protected":false},"author":6,"featured_media":0,"parent":0,"menu_order":0,"comment_status":"closed","ping_status":"closed","template":"elementor_header_footer","meta":{"_acf_changed":false,"content-type":"","inline_featured_image":false,"footnotes":""},"class_list":["post-1187","page","type-page","status-publish","hentry"],"acf":[],"yoast_head":"<!-- This site is optimized with the Yoast SEO plugin v27.5 - https:\/\/yoast.com\/product\/yoast-seo-wordpress\/ -->\n<title>Kontakt | Rhodius KMS<\/title>\n<meta name=\"description\" content=\"In den Bereichen technische Drahtgewebe und Trenntechnik, Industrie und Sicherheitstechnik ist Rhodius einer der f\u00fchrenden Anbieter von Trennprodukten und Filtermodulen.\" \/>\n<meta name=\"robots\" content=\"index, follow, max-snippet:-1, max-image-preview:large, max-video-preview:-1\" \/>\n<link rel=\"canonical\" href=\"https:\/\/rhodiuskms.com\/de\/kontaktieren-sie-uns\/\" \/>\n<meta property=\"og:locale\" content=\"de_DE\" \/>\n<meta property=\"og:type\" content=\"article\" \/>\n<meta property=\"og:title\" content=\"Kontakt | Rhodius KMS\" \/>\n<meta property=\"og:description\" content=\"In den Bereichen technische Drahtgewebe und Trenntechnik, Industrie und Sicherheitstechnik ist Rhodius einer der f\u00fchrenden Anbieter von Trennprodukten und Filtermodulen.\" \/>\n<meta property=\"og:url\" content=\"https:\/\/rhodiuskms.com\/de\/kontaktieren-sie-uns\/\" \/>\n<meta property=\"og:site_name\" content=\"Rhodius KMS\" \/>\n<meta property=\"article:modified_time\" content=\"2024-10-25T16:05:04+00:00\" \/>\n<meta name=\"twitter:card\" content=\"summary_large_image\" \/>\n<script type=\"application\/ld+json\" class=\"yoast-schema-graph\">{\"@context\":\"https:\\\/\\\/schema.org\",\"@graph\":[{\"@type\":\"WebPage\",\"@id\":\"https:\\\/\\\/rhodiuskms.com\\\/de\\\/kontaktieren-sie-uns\\\/\",\"url\":\"https:\\\/\\\/rhodiuskms.com\\\/de\\\/kontaktieren-sie-uns\\\/\",\"name\":\"Kontakt | Rhodius KMS\",\"isPartOf\":{\"@id\":\"https:\\\/\\\/rhodiuskms.com\\\/de\\\/#website\"},\"primaryImageOfPage\":{\"@id\":\"https:\\\/\\\/rhodiuskms.com\\\/de\\\/kontaktieren-sie-uns\\\/#primaryimage\"},\"image\":{\"@id\":\"https:\\\/\\\/rhodiuskms.com\\\/de\\\/kontaktieren-sie-uns\\\/#primaryimage\"},\"thumbnailUrl\":\"https:\\\/\\\/rhodiuskms.com\\\/wp-content\\\/uploads\\\/2024\\\/06\\\/mesh_capabilities.svg\",\"datePublished\":\"2024-10-22T19:20:04+00:00\",\"dateModified\":\"2024-10-25T16:05:04+00:00\",\"description\":\"In den Bereichen technische Drahtgewebe und Trenntechnik, Industrie und Sicherheitstechnik ist Rhodius einer der f\u00fchrenden Anbieter von Trennprodukten und Filtermodulen.\",\"breadcrumb\":{\"@id\":\"https:\\\/\\\/rhodiuskms.com\\\/de\\\/kontaktieren-sie-uns\\\/#breadcrumb\"},\"inLanguage\":\"de-DE\",\"potentialAction\":[{\"@type\":\"ReadAction\",\"target\":[\"https:\\\/\\\/rhodiuskms.com\\\/de\\\/kontaktieren-sie-uns\\\/\"]}]},{\"@type\":\"ImageObject\",\"inLanguage\":\"de-DE\",\"@id\":\"https:\\\/\\\/rhodiuskms.com\\\/de\\\/kontaktieren-sie-uns\\\/#primaryimage\",\"url\":\"https:\\\/\\\/rhodiuskms.com\\\/wp-content\\\/uploads\\\/2024\\\/06\\\/mesh_capabilities.svg\",\"contentUrl\":\"https:\\\/\\\/rhodiuskms.com\\\/wp-content\\\/uploads\\\/2024\\\/06\\\/mesh_capabilities.svg\"},{\"@type\":\"BreadcrumbList\",\"@id\":\"https:\\\/\\\/rhodiuskms.com\\\/de\\\/kontaktieren-sie-uns\\\/#breadcrumb\",\"itemListElement\":[{\"@type\":\"ListItem\",\"position\":1,\"name\":\"Home\",\"item\":\"https:\\\/\\\/rhodiuskms.com\\\/de\\\/\"},{\"@type\":\"ListItem\",\"position\":2,\"name\":\"Kontaktieren Sie uns\"}]},{\"@type\":\"WebSite\",\"@id\":\"https:\\\/\\\/rhodiuskms.com\\\/de\\\/#website\",\"url\":\"https:\\\/\\\/rhodiuskms.com\\\/de\\\/\",\"name\":\"Rhodius KMS - A Gerard Daniel Worldwide Company\",\"description\":\"A Gerard Daniel Worldwide Company\",\"publisher\":{\"@id\":\"https:\\\/\\\/rhodiuskms.com\\\/de\\\/#organization\"},\"potentialAction\":[{\"@type\":\"SearchAction\",\"target\":{\"@type\":\"EntryPoint\",\"urlTemplate\":\"https:\\\/\\\/rhodiuskms.com\\\/de\\\/?s={search_term_string}\"},\"query-input\":{\"@type\":\"PropertyValueSpecification\",\"valueRequired\":true,\"valueName\":\"search_term_string\"}}],\"inLanguage\":\"de-DE\"},{\"@type\":\"Organization\",\"@id\":\"https:\\\/\\\/rhodiuskms.com\\\/de\\\/#organization\",\"name\":\"Rhodius KMS\",\"url\":\"https:\\\/\\\/rhodiuskms.com\\\/de\\\/\",\"logo\":{\"@type\":\"ImageObject\",\"inLanguage\":\"de-DE\",\"@id\":\"https:\\\/\\\/rhodiuskms.com\\\/de\\\/#\\\/schema\\\/logo\\\/image\\\/\",\"url\":\"https:\\\/\\\/rhodiuskms.com\\\/wp-content\\\/uploads\\\/2024\\\/06\\\/logo.svg\",\"contentUrl\":\"https:\\\/\\\/rhodiuskms.com\\\/wp-content\\\/uploads\\\/2024\\\/06\\\/logo.svg\",\"width\":255,\"height\":99,\"caption\":\"Rhodius KMS\"},\"image\":{\"@id\":\"https:\\\/\\\/rhodiuskms.com\\\/de\\\/#\\\/schema\\\/logo\\\/image\\\/\"},\"sameAs\":[\"https:\\\/\\\/www.linkedin.com\\\/company\\\/gerard-daniel-worldwide\"]}]}<\/script>\n<!-- \/ Yoast SEO plugin. -->","yoast_head_json":{"title":"Kontakt | Rhodius KMS","description":"In den Bereichen technische Drahtgewebe und Trenntechnik, Industrie und Sicherheitstechnik ist Rhodius einer der f\u00fchrenden Anbieter von Trennprodukten und Filtermodulen.","robots":{"index":"index","follow":"follow","max-snippet":"max-snippet:-1","max-image-preview":"max-image-preview:large","max-video-preview":"max-video-preview:-1"},"canonical":"https:\/\/rhodiuskms.com\/de\/kontaktieren-sie-uns\/","og_locale":"de_DE","og_type":"article","og_title":"Kontakt | Rhodius KMS","og_description":"In den Bereichen technische Drahtgewebe und Trenntechnik, Industrie und Sicherheitstechnik ist Rhodius einer der f\u00fchrenden Anbieter von Trennprodukten und Filtermodulen.","og_url":"https:\/\/rhodiuskms.com\/de\/kontaktieren-sie-uns\/","og_site_name":"Rhodius KMS","article_modified_time":"2024-10-25T16:05:04+00:00","twitter_card":"summary_large_image","schema":{"@context":"https:\/\/schema.org","@graph":[{"@type":"WebPage","@id":"https:\/\/rhodiuskms.com\/de\/kontaktieren-sie-uns\/","url":"https:\/\/rhodiuskms.com\/de\/kontaktieren-sie-uns\/","name":"Kontakt | Rhodius KMS","isPartOf":{"@id":"https:\/\/rhodiuskms.com\/de\/#website"},"primaryImageOfPage":{"@id":"https:\/\/rhodiuskms.com\/de\/kontaktieren-sie-uns\/#primaryimage"},"image":{"@id":"https:\/\/rhodiuskms.com\/de\/kontaktieren-sie-uns\/#primaryimage"},"thumbnailUrl":"https:\/\/rhodiuskms.com\/wp-content\/uploads\/2024\/06\/mesh_capabilities.svg","datePublished":"2024-10-22T19:20:04+00:00","dateModified":"2024-10-25T16:05:04+00:00","description":"In den Bereichen technische Drahtgewebe und Trenntechnik, Industrie und Sicherheitstechnik ist Rhodius einer der f\u00fchrenden Anbieter von Trennprodukten und Filtermodulen.","breadcrumb":{"@id":"https:\/\/rhodiuskms.com\/de\/kontaktieren-sie-uns\/#breadcrumb"},"inLanguage":"de-DE","potentialAction":[{"@type":"ReadAction","target":["https:\/\/rhodiuskms.com\/de\/kontaktieren-sie-uns\/"]}]},{"@type":"ImageObject","inLanguage":"de-DE","@id":"https:\/\/rhodiuskms.com\/de\/kontaktieren-sie-uns\/#primaryimage","url":"https:\/\/rhodiuskms.com\/wp-content\/uploads\/2024\/06\/mesh_capabilities.svg","contentUrl":"https:\/\/rhodiuskms.com\/wp-content\/uploads\/2024\/06\/mesh_capabilities.svg"},{"@type":"BreadcrumbList","@id":"https:\/\/rhodiuskms.com\/de\/kontaktieren-sie-uns\/#breadcrumb","itemListElement":[{"@type":"ListItem","position":1,"name":"Home","item":"https:\/\/rhodiuskms.com\/de\/"},{"@type":"ListItem","position":2,"name":"Kontaktieren Sie uns"}]},{"@type":"WebSite","@id":"https:\/\/rhodiuskms.com\/de\/#website","url":"https:\/\/rhodiuskms.com\/de\/","name":"Rhodius KMS - A Gerard Daniel Worldwide Company","description":"A Gerard Daniel Worldwide Company","publisher":{"@id":"https:\/\/rhodiuskms.com\/de\/#organization"},"potentialAction":[{"@type":"SearchAction","target":{"@type":"EntryPoint","urlTemplate":"https:\/\/rhodiuskms.com\/de\/?s={search_term_string}"},"query-input":{"@type":"PropertyValueSpecification","valueRequired":true,"valueName":"search_term_string"}}],"inLanguage":"de-DE"},{"@type":"Organization","@id":"https:\/\/rhodiuskms.com\/de\/#organization","name":"Rhodius KMS","url":"https:\/\/rhodiuskms.com\/de\/","logo":{"@type":"ImageObject","inLanguage":"de-DE","@id":"https:\/\/rhodiuskms.com\/de\/#\/schema\/logo\/image\/","url":"https:\/\/rhodiuskms.com\/wp-content\/uploads\/2024\/06\/logo.svg","contentUrl":"https:\/\/rhodiuskms.com\/wp-content\/uploads\/2024\/06\/logo.svg","width":255,"height":99,"caption":"Rhodius KMS"},"image":{"@id":"https:\/\/rhodiuskms.com\/de\/#\/schema\/logo\/image\/"},"sameAs":["https:\/\/www.linkedin.com\/company\/gerard-daniel-worldwide"]}]}},"_links":{"self":[{"href":"https:\/\/rhodiuskms.com\/de\/wp-json\/wp\/v2\/pages\/1187","targetHints":{"allow":["GET"]}}],"collection":[{"href":"https:\/\/rhodiuskms.com\/de\/wp-json\/wp\/v2\/pages"}],"about":[{"href":"https:\/\/rhodiuskms.com\/de\/wp-json\/wp\/v2\/types\/page"}],"author":[{"embeddable":true,"href":"https:\/\/rhodiuskms.com\/de\/wp-json\/wp\/v2\/users\/6"}],"replies":[{"embeddable":true,"href":"https:\/\/rhodiuskms.com\/de\/wp-json\/wp\/v2\/comments?post=1187"}],"version-history":[{"count":0,"href":"https:\/\/rhodiuskms.com\/de\/wp-json\/wp\/v2\/pages\/1187\/revisions"}],"wp:attachment":[{"href":"https:\/\/rhodiuskms.com\/de\/wp-json\/wp\/v2\/media?parent=1187"}],"curies":[{"name":"wp","href":"https:\/\/api.w.org\/{rel}","templated":true}]}}